{"id":213,"date":"2023-12-28T18:40:00","date_gmt":"2023-12-28T18:40:00","guid":{"rendered":"https:\/\/www.grupoattia.com\/lune\/"},"modified":"2025-12-10T20:11:33","modified_gmt":"2025-12-11T01:11:33","slug":"investment-strategies","status":"publish","type":"page","link":"https:\/\/www.grupoattia.com\/es\/investment-strategies\/","title":{"rendered":"Inversi\u00f3n"},"content":{"rendered":"<p><!-- Service Section --><\/p>\n<section class=\"services in-service pb-0 mt-5\" style=\"padding-top: 100px\">\n<div class=\"container\" style=\"padding-top:50px\">\n<div class=\"row\">\n<div class=\"col-lg-4 p-relative mb-3\" data-aos=\"fade-up\" data-aos-duration=\"500\">\n<div class=\"icon_box type-\">\n\t\t\t\t\t<img loading=\"lazy\" decoding=\"async\" src=\"https:\/\/www.grupoattia.com\/wp-content\/uploads\/2024\/03\/senior-housing.jpeg\" class=\"post-bg img-fluid wp-image-2702\" width=\"1143\" height=\"945\" srcset=\"https:\/\/www.grupoattia.com\/wp-content\/uploads\/2024\/03\/senior-housing.jpeg 1143w, https:\/\/www.grupoattia.com\/wp-content\/uploads\/2024\/03\/senior-housing-300x248.jpeg 300w, https:\/\/www.grupoattia.com\/wp-content\/uploads\/2024\/03\/senior-housing-1024x847.jpeg 1024w, https:\/\/www.grupoattia.com\/wp-content\/uploads\/2024\/03\/senior-housing-768x635.jpeg 768w, https:\/\/www.grupoattia.com\/wp-content\/uploads\/2024\/03\/senior-housing-15x12.jpeg 15w\" sizes=\"auto, (max-width: 1143px) 100vw, 1143px\" style=\"aspect-ratio: 4\/3;object-fit: cover\"><\/p>\n<div class=\"icon_box_inner\">\n<h4 class=\"text-w\" editable=\"inline\">US Multifamily<\/h4>\n<div class=\"arrow_effet\">\n<p class=\"text-gray-600 mb-5\">Como firma de gesti\u00f3n de activos inmobiliarios con una cartera en crecimiento en los Estados Unidos, Attia Capital, LLC invierte a trav\u00e9s de adquisiciones directas de activos multifamiliares y asociaciones locales en empresas conjuntas. Attia se enfoca en invertir en propiedades de Clase B en mercados primarios y secundarios a trav\u00e9s de oportunidades de valor agregado en el cintur\u00f3n solar y el noreste de Estados Unidos.&nbsp;&nbsp;<\/p>\n<\/p>\n<\/p>\n<\/p><\/div>\n<\/p><\/div>\n<\/p><\/div>\n<\/p><\/div>\n<div class=\"p-relative col-lg-4 mb-3\" data-aos=\"fade-up\" data-aos-duration=\"500\">\n<div class=\"icon_box type\">\n\t\t\t\t\t<img loading=\"lazy\" decoding=\"async\" src=\"https:\/\/www.grupoattia.com\/wp-content\/uploads\/2024\/01\/clic-clack-banner.jpg\" class=\"post-bg img-fluid wp-image-421\" width=\"1120\" height=\"704\" srcset=\"https:\/\/www.grupoattia.com\/wp-content\/uploads\/2024\/01\/clic-clack-banner.jpg 1120w, https:\/\/www.grupoattia.com\/wp-content\/uploads\/2024\/01\/clic-clack-banner-300x189.jpg 300w, https:\/\/www.grupoattia.com\/wp-content\/uploads\/2024\/01\/clic-clack-banner-1024x644.jpg 1024w, https:\/\/www.grupoattia.com\/wp-content\/uploads\/2024\/01\/clic-clack-banner-768x483.jpg 768w\" sizes=\"auto, (max-width: 1120px) 100vw, 1120px\" style=\"aspect-ratio: 4\/3;object-fit: cover; object-position: top;\"><\/p>\n<div class=\"icon_box_inner\">\n<h4 class=\"text-w hite\" editable=\"inline\" contenteditable=\"true\">hotels<\/h4>\n<p class=\"text-gray-600 mb-5\" editable=\"inline\">A trav\u00e9s de nuestra empresa subsidiaria, Grupo Attia S.A.S., nuestro equipo de desarrollo est\u00e1 liderando la estrategia de expansi\u00f3n y desarrollo de los nuevos hoteles Click Clack en Medell\u00edn y Cartagena.&nbsp; &nbsp;<\/p>\n<\/p>\n<\/p>\n<\/p>\n<\/p><\/div>\n<\/p><\/div>\n<\/p><\/div>\n<div class=\"col-lg-4 p-relative mb-3\" data-aos=\"fade-up\" data-aos-duration=\"500\">\n<div class=\"icon_box type\">\n\t\t\t\t\t<img loading=\"lazy\" decoding=\"async\" src=\"https:\/\/www.grupoattia.com\/wp-content\/uploads\/2024\/03\/Screenshot-2024-03-20-at-9.05.15\u202fPM.png\" class=\"post-bg img-fluid wp-image-2698\" width=\"721\" height=\"554\" style=\"aspect-ratio: 4\/3;object-fit: cover\" srcset=\"https:\/\/www.grupoattia.com\/wp-content\/uploads\/2024\/03\/Screenshot-2024-03-20-at-9.05.15\u202fPM.png 721w, https:\/\/www.grupoattia.com\/wp-content\/uploads\/2024\/03\/Screenshot-2024-03-20-at-9.05.15\u202fPM-300x231.png 300w, https:\/\/www.grupoattia.com\/wp-content\/uploads\/2024\/03\/Screenshot-2024-03-20-at-9.05.15\u202fPM-16x12.png 16w\" sizes=\"auto, (max-width: 721px) 100vw, 721px\"><\/p>\n<div class=\"icon_box_inner\" editable=\"rich\">\n<h4 class=\"text-w\" editable=\"inline\" contenteditable=\"true\">senior Living<\/h4>\n<p class=\"text-gray-600\" editable=\"inline\">At Casa Nua MG S.A.S, a subsidiary company of Attia, we aim to develop the most significant platform for Senior Living projects in Colombia and Latin America. Currently, we have 4 projects in operation and development with an investment exceeding $200,000 million pesos to date.&nbsp;<\/p>\n<\/p>\n<\/p>\n<p class=\"text-center font-weight-light mb-0 mt-5\" editable=\"inline\">Suscr\u00edbete a nuestro bolet\u00edn para inversores<\/p>\n<div class=\"error-page m-0 mt-2 p-0\">\n<div class=\"error-content text-end\">\n<div cf7id=\"8728f48\" class=\"search_form lune-shortcode m-0\">\n\t\t\t\t\t\t\t\t\t\n<div class=\"wpcf7 no-js\" id=\"wpcf7-f2608-o1\" lang=\"en-US\" dir=\"ltr\" data-wpcf7-id=\"2608\">\n<div class=\"screen-reader-response\"><p role=\"status\" aria-live=\"polite\" aria-atomic=\"true\"><\/p> <ul><\/ul><\/div>\n<form action=\"\/es\/wp-json\/wp\/v2\/pages\/213#wpcf7-f2608-o1\" method=\"post\" class=\"wpcf7-form init\" aria-label=\"Contact form\" novalidate=\"novalidate\" data-status=\"init\" data-trp-original-action=\"\/es\/wp-json\/wp\/v2\/pages\/213#wpcf7-f2608-o1\">\n<fieldset class=\"hidden-fields-container\"><input type=\"hidden\" name=\"_wpcf7\" value=\"2608\" \/><input type=\"hidden\" name=\"_wpcf7_version\" value=\"6.1.5\" \/><input type=\"hidden\" name=\"_wpcf7_locale\" value=\"en_US\" \/><input type=\"hidden\" name=\"_wpcf7_unit_tag\" value=\"wpcf7-f2608-o1\" \/><input type=\"hidden\" name=\"_wpcf7_container_post\" value=\"0\" \/><input type=\"hidden\" name=\"_wpcf7_posted_data_hash\" value=\"\" \/>\n<\/fieldset>\n<p><span class=\"wpcf7-form-control-wrap\" data-name=\"email\"><input size=\"40\" maxlength=\"400\" class=\"wpcf7-form-control wpcf7-email wpcf7-validates-as-required wpcf7-text wpcf7-validates-as-email keyword form-control px-2 py-2\" aria-required=\"true\" aria-invalid=\"false\" placeholder=\"Escriba su correo\" value=\"\" type=\"email\" name=\"email\" \/><\/span><br \/>\n<button type=\"submit\" class=\"form-control-submit\" id=\"lune-magic-35\"><i class=\"bi bi-arrow-right\"><\/i><\/button>\n<\/p><div class=\"wpcf7-response-output\" aria-hidden=\"true\"><\/div>\n<input type=\"hidden\" name=\"trp-form-language\" value=\"es\"\/><\/form>\n<\/div>\n\n\t\t\t\t\t\t\t\t<\/div>\n<\/p><\/div>\n<\/p><\/div>\n<\/p><\/div>\n<\/p><\/div>\n<\/p><\/div>\n<\/p><\/div>\n<\/p><\/div>\n<\/section>\n<section>\n<div class=\"container\"><\/div>\n<\/section>\n<p><script >\n        window.addEventListener('load', function() {\n            document.body.classList.remove('bg-white');\n        });\n    <\/script><\/p>","protected":false},"excerpt":{"rendered":"<p>US Multifamily As a real estate asset management firm with a growing portfolio across the U.S., Attia Capital, LLC invests through direct multifamily asset acquisitions, and joint venture local partnerships. Attia focuses on investing in Class B properties in primary and secondary markets through value-add opportunities in the Sunbelt and North East U.S.&nbsp;&nbsp; hotels Through [&hellip;]<\/p>","protected":false},"author":1,"featured_media":0,"parent":0,"menu_order":25,"comment_status":"closed","ping_status":"closed","template":"","meta":{"content-type":"","footnotes":""},"class_list":["post-213","page","type-page","status-publish","hentry"],"_links":{"self":[{"href":"https:\/\/www.grupoattia.com\/es\/wp-json\/wp\/v2\/pages\/213","targetHints":{"allow":["GET"]}}],"collection":[{"href":"https:\/\/www.grupoattia.com\/es\/wp-json\/wp\/v2\/pages"}],"about":[{"href":"https:\/\/www.grupoattia.com\/es\/wp-json\/wp\/v2\/types\/page"}],"author":[{"embeddable":true,"href":"https:\/\/www.grupoattia.com\/es\/wp-json\/wp\/v2\/users\/1"}],"replies":[{"embeddable":true,"href":"https:\/\/www.grupoattia.com\/es\/wp-json\/wp\/v2\/comments?post=213"}],"version-history":[{"count":57,"href":"https:\/\/www.grupoattia.com\/es\/wp-json\/wp\/v2\/pages\/213\/revisions"}],"predecessor-version":[{"id":2703,"href":"https:\/\/www.grupoattia.com\/es\/wp-json\/wp\/v2\/pages\/213\/revisions\/2703"}],"wp:attachment":[{"href":"https:\/\/www.grupoattia.com\/es\/wp-json\/wp\/v2\/media?parent=213"}],"curies":[{"name":"wp","href":"https:\/\/api.w.org\/{rel}","templated":true}]}}