{"id":2762,"date":"2025-02-07T14:56:17","date_gmt":"2025-02-07T19:56:17","guid":{"rendered":"https:\/\/www.grupoattia.com\/lune\/"},"modified":"2025-07-29T09:21:36","modified_gmt":"2025-07-29T14:21:36","slug":"cn-chia","status":"publish","type":"page","link":"https:\/\/www.grupoattia.com\/es\/cn-chia\/","title":{"rendered":"cn-chia"},"content":{"rendered":"<div class=\"theme_slider_8 p-0 hide-mobile\">\n<div class=\"swiper swiper_theme_slider_7\">\n<div class=\"swiper-wrapper slider p-relative\" style=\"min-height: 100vh\">\n<div class=\"swiper-slide\">\n<div class=\"slider\" style=\"background-image: url('\/wp-content\/uploads\/2023\/12\/1229-Aerea_2-v007.jpg '); height: 100vh\">\n\t\t\t\t<\/div>\n<\/p><\/div>\n<div class=\"swiper-slide\">\n<div class=\"slider\" style=\"background-image: url('\/wp-content\/uploads\/2023\/12\/TERRAZA.jpg '); height: 100vh\">\n\t\t\t\t<\/div>\n<\/p><\/div>\n<div class=\"swiper-slide\">\n<div class=\"slider\" style=\"background-image: url('\/wp-content\/uploads\/2023\/12\/GIMNASIO.jpg '); height: 100vh\">\n\t\t\t\t<\/div>\n<\/p><\/div>\n<\/p><\/div>\n<div class=\"title\">\n<div class=\"slide_conten\">\n<div class=\"slide_content_wrapper mb-0 h-auto\">\n<div class=\"slide_content_inner\">\n<h4 style=\"font-size: 60px;\" class=\"\" editable=\"inline\"><a href=\"#content\" class=\"text-white text-uppercase\">Casa Nua Chia<\/a><\/h4>\n<div class=\"details_link\">\n\t\t\t\t\t\t\t<a href=\"#content\"><br \/>\n\t\t\t\t\t\t\t\t<span class=\"link_text fs-5 text-light\">M\u00e1s Informaci\u00f3n<\/span><br \/>\n\t\t\t\t\t\t\t<\/a>\n\t\t\t\t\t\t<\/div>\n<\/p><\/div>\n<\/p><\/div>\n<\/p><\/div>\n<\/p><\/div>\n<div class=\"swiper-button-prev details_link l-dir pagination-previous\"><a href=\"#\"><span class=\"link_icon\"><span class=\"line\"><\/span> <span class=\"circle\"><\/span><span class=\"dot\"><\/span><\/span><\/a><\/div>\n<div class=\"swiper-button-next details_link r-dir pagination-next\"><a href=\"#\"><span class=\"link_icon\"><span class=\"line\"><\/span> <span class=\"circle\"><\/span><span class=\"dot\"><\/span><\/span><\/a>\n\t\t<\/div>\n<\/p><\/div>\n<\/div>\n<style >\n\t.title{\n\t\tposition: absolute;\n    display: block;\n    z-index: 5000;\n    margin: 0 auto;\n    text-align: start;\n    bottom: 130px;\n    font-size: 112px;\n    font-size: 80px;\n    padding:80px;\n    width: 100vw;\n\t}\n\tbody.bg-dark.bg-white .theme_slider_3 .details_link.swiper-button-prev a .link_icon .circle, body.bg-dark.bg-white .theme_slider_3 .details_link.swiper-button-next a .link_icon .circle, body.bg-dark.bg-white .theme_slider_8 .details_link.swiper-button-prev a .link_icon .circle, body.bg-dark.bg-white .theme_slider_8 .details_link.swiper-button-next a .link_icon .circle, body.bg-dark.bg-white .theme_slider_9 .details_link.swiper-button-prev a .link_icon .circle, body.bg-dark.bg-white .theme_slider_9 .details_link.swiper-button-next a .link_icon .circle, body.bg-white .theme_slider_3 .details_link.swiper-button-prev a .link_icon .circle, body.bg-white .theme_slider_3 .details_link.swiper-button-next a .link_icon .circle, body.bg-white .theme_slider_8 .details_link.swiper-button-prev a .link_icon .circle, body.bg-white .theme_slider_8 .details_link.swiper-button-next a .link_icon .circle, body.bg-white .theme_slider_9 .details_link.swiper-button-prev a .link_icon .circle, body.bg-white .theme_slider_9 .details_link.swiper-button-next a .link_icon .circle {\n\t\tborder-color: #fff!important;\n\t}<\/p>\n<p>body.bg-dark.bg-white .theme_slider_3 .details_link.r-dir a .link_icon .dot, body.bg-dark.bg-white .theme_slider_8 .details_link.r-dir a .link_icon .dot, body.bg-dark.bg-white .theme_slider_9 .details_link.r-dir a .link_icon .dot, body.bg-white .theme_slider_3 .details_link.r-dir a .link_icon .dot, body.bg-white .theme_slider_8 .details_link.r-dir a .link_icon .dot, body.bg-white .theme_slider_9 .details_link.r-dir a .link_icon .dot {\n\tborder-left: 18px solid #fff!important;\n}\nbody.bg-dark.bg-white .theme_slider_3 .details_link.l-dir a .link_icon .dot, body.bg-dark.bg-white .theme_slider_8 .details_link.l-dir a .link_icon .dot, body.bg-dark.bg-white .theme_slider_9 .details_link.l-dir a .link_icon .dot, body.bg-white .theme_slider_3 .details_link.l-dir a .link_icon .dot, body.bg-white .theme_slider_8 .details_link.l-dir a .link_icon .dot, body.bg-white .theme_slider_9 .details_link.l-dir a .link_icon .dot{\n\tborder-right: 18px solid #fff!important;\n}\n\tbody.bg-dark.bg-white .theme_slider_3 .details_link.swiper-button-prev a .link_icon .line, body.bg-dark.bg-white .theme_slider_3 .details_link.swiper-button-next a .link_icon .line, body.bg-dark.bg-white .theme_slider_8 .details_link.swiper-button-prev a .link_icon .line, body.bg-dark.bg-white .theme_slider_8 .details_link.swiper-button-next a .link_icon .line, body.bg-dark.bg-white .theme_slider_9 .details_link.swiper-button-prev a .link_icon .line, body.bg-dark.bg-white .theme_slider_9 .details_link.swiper-button-next a .link_icon .line, body.bg-white .theme_slider_3 .details_link.swiper-button-prev a .link_icon .line, body.bg-white .theme_slider_3 .details_link.swiper-button-next a .link_icon .line, body.bg-white .theme_slider_8 .details_link.swiper-button-prev a .link_icon .line, body.bg-white .theme_slider_8 .details_link.swiper-button-next a .link_icon .line, body.bg-white .theme_slider_9 .details_link.swiper-button-prev a .link_icon .line, body.bg-white .theme_slider_9 .details_link.swiper-button-next a .link_icon .line{\n\t\tbackground-color: #fff;\n\t}\n\t .header{\n\t\tbackground-color: transparent!important;\n\t}\n\t.bg-white .header{\n\t\tbackground-color: #fff!important;\n\t}\n\t.page_header .page_header_inner:before{\n\t\tcontent:\"\";\n\t\ttop: 0;\n\t\tbottom: 0;\n\t\tleft: 0;\n\t\tright:0;\n\t\tbackground: rgba(0,0,0,9);\n\t\t-webkit-backdrop-filter: blur(10px);\n\t\tbackdrop-filter: blur(10px);\n\t\tborder: 1px solid rgba(0,0,0,0.45);\n\t}\n\t.swiper-slide {\n\t\tposition: relative;\n\t}\n\t.swiper-slide::before {\n\t\tcontent: \"\";\n\t\tposition: absolute;\n\t\ttop: 0;\n\t\tleft: 0;\n\t\twidth: 100%;\n\t\theight: 100%;\n\t\tbackground-color: rgba(0, 0, 0, 0.5); \/* Negro con 20% de opacidad *\/\n\t\tz-index: 30000;\n\t}\n<\/style>\n<p><!-- Scroll Progress --><\/p>\n<section style=\"margin-top: 100px!important;padding-top:100px\"><\/p>\n<div class=\"p-0 pt-5 pb-5 container\">\n<div class=\"row\">\n<div class=\"col text-centeralign-self-center col-md-6\">\n<div class=\"lune-block text-center d-flex align-content-center pt-4 pb-5\" id=\"formulario\">\n<div class=\"form-container\" style=\"margin: 0 auto\">\n<h1 class=\"title-form-cn\" editable=\"inline\">SI EST\u00c1 INTERESADO EN CASA NUA CH\u00cdA, <br \/>POR FAVOR D\u00c9JENOS SUS DATOS.<\/h1>\n<p class=\"subtitle text-white\" editable=\"inline\">Muy pronto nos comunicaremos con usted.<\/p>\n<div class=\"lune-shortcode\" lune-helper=\"shortcode\">\n<div class=\"wpcf7 no-js\" id=\"wpcf7-f2901-o1\" lang=\"en-US\" dir=\"ltr\" data-wpcf7-id=\"2901\">\n<div class=\"screen-reader-response\"><p role=\"status\" aria-live=\"polite\" aria-atomic=\"true\"><\/p> <ul><\/ul><\/div>\n<form action=\"\/es\/wp-json\/wp\/v2\/pages\/2762#wpcf7-f2901-o1\" method=\"post\" class=\"wpcf7-form init\" aria-label=\"Contact form\" novalidate=\"novalidate\" data-status=\"init\" data-trp-original-action=\"\/es\/wp-json\/wp\/v2\/pages\/2762#wpcf7-f2901-o1\">\n<fieldset class=\"hidden-fields-container\"><input type=\"hidden\" name=\"_wpcf7\" value=\"2901\" \/><input type=\"hidden\" name=\"_wpcf7_version\" value=\"6.1.5\" \/><input type=\"hidden\" name=\"_wpcf7_locale\" value=\"en_US\" \/><input type=\"hidden\" name=\"_wpcf7_unit_tag\" value=\"wpcf7-f2901-o1\" \/><input type=\"hidden\" name=\"_wpcf7_container_post\" value=\"0\" \/><input type=\"hidden\" name=\"_wpcf7_posted_data_hash\" value=\"\" \/>\n<\/fieldset>\n<p><span class=\"wpcf7-form-control-wrap\" data-name=\"your-name\"><input size=\"40\" maxlength=\"400\" class=\"wpcf7-form-control wpcf7-text wpcf7-validates-as-required input-field text-light\" aria-required=\"true\" aria-invalid=\"false\" placeholder=\"NOMBRE Y APELLIDOS\" value=\"\" type=\"text\" name=\"your-name\" \/><\/span>\n<\/p>\n<p><span class=\"wpcf7-form-control-wrap\" data-name=\"your-phone\"><input size=\"40\" maxlength=\"400\" class=\"wpcf7-form-control wpcf7-tel wpcf7-validates-as-required wpcf7-text wpcf7-validates-as-tel input-field text-light\" aria-required=\"true\" aria-invalid=\"false\" placeholder=\"TEL\u00c9FONO\" value=\"\" type=\"tel\" name=\"your-phone\" \/><\/span><br \/>\n<span class=\"wpcf7-form-control-wrap\" data-name=\"your-email\"><input size=\"40\" maxlength=\"400\" class=\"wpcf7-form-control wpcf7-email wpcf7-validates-as-required wpcf7-text wpcf7-validates-as-email input-field text-light\" aria-required=\"true\" aria-invalid=\"false\" placeholder=\"CORREO ELECTR\u00d3NICO\" value=\"\" type=\"email\" name=\"your-email\" \/><\/span>\n<\/p>\n<p><span class=\"wpcf7-form-control-wrap\" data-name=\"presupuesto\"><select class=\"wpcf7-form-control wpcf7-select wpcf7-validates-as-required input-field\" aria-required=\"true\" aria-invalid=\"false\" name=\"presupuesto\"><option value=\"\">\u00bfTiene mas de 200 MM para invertir?<\/option><option value=\"Si\">Si<\/option><option value=\"No\">No<\/option><\/select><\/span><br \/>\n<span class=\"wpcf7-form-control-wrap\" data-name=\"terms\"><span class=\"wpcf7-form-control wpcf7-acceptance\"><span class=\"wpcf7-list-item\"><label><input type=\"checkbox\" name=\"terms\" value=\"1\" aria-invalid=\"false\" \/><span class=\"wpcf7-list-item-label\">Acepto t\u00e9rminos y otorgo mi autorizaci\u00f3n para el tratamiento de datos personales en los t\u00e9rminos que aparecen a <a href=\"https:\/\/www.grupoattia.com\/wp-content\/uploads\/2025\/06\/Casa-Nua-Politica-tratamiento-datos.pdf\" class=\"text-white\" >continuaci\u00f3n aqu\u00ed<\/a><\/span><\/label><\/span><\/span><\/span>\n<\/p>\n<p><input class=\"wpcf7-form-control wpcf7-submit has-spinner invest-btn btn-lg\" type=\"submit\" value=\"ENVIAR\" \/>\n<\/p><div class=\"wpcf7-response-output\" aria-hidden=\"true\"><\/div>\n<input type=\"hidden\" name=\"trp-form-language\" value=\"es\"\/><\/form>\n<\/div>\n<\/div>\n<div class=\"logos\">\n\t\t\t\t\t\t\t<img loading=\"lazy\" decoding=\"async\" src=\"\/wp-content\/uploads\/2025\/02\/logo-cn-arias-04.png\" class=\"wp-image-2792\" width=\"220\" height=\"77\" srcset=\"\/wp-content\/uploads\/2025\/02\/logo-cn-arias-04.png 220w, \/wp-content\/uploads\/2025\/02\/logo-cn-arias-04-18x6.png 18w\" sizes=\"auto, (max-width: 220px) 100vw, 220px\" style=\"height: auto\">\n\t\t\t\t\t\t<\/div>\n<\/p><\/div>\n<\/p><\/div>\n<\/p><\/div>\n<div class=\"col col-sm-12 col-md-6 d-flex flex-column justify-content-center col-12\">\n<div class=\"stats-title\">\n\t\t\t\t\tCifras hist\u00f3ricas de Casa Nua San Lucas (Medell\u00edn)\n\t\t\t\t<\/div>\n<div class=\"row align-content-center align-items-center justify-content-center m-0 p-0 mt-3 mb-3\">\n<div class=\"green-arrow m-0 p-0 col-sm-3 col-2\" style=\"max-width: 80%\"><img decoding=\"async\" src=\"https:\/\/www.grupoattia.com\/wp-content\/uploads\/2025\/05\/flecha-verde-03.svg\" class=\"wp-image-2889\" style=\"max-width: 80%\"><\/div>\n<div class=\"stats col-sm-8 col-12\">\n<div class=\"stats-value\">\n\t\t\t\t\t\t\t13.11% E.A*<br \/>\n\t\t\t\t\t\t\tValorizaci\u00f3n acumulada 78%**\n\t\t\t\t\t\t<\/div>\n<\/p><\/div>\n<\/p><\/div>\n<p class=\"stats-footnote text-start\">\n\t\t\t\t\t*Cifras hist\u00f3ricas de Casa Nua San Lucas (Medell\u00edn), que no deben interpretarse como las rentabilidades de futuros proyectos.<br \/>\n\t\t\t\t\t<br \/>\n\t\t\t\t\t** (desde 2019) En base aval\u00fao de reposici\u00f3n de Casa Nua San Lucas (Medell\u00edn) entregado por un tercero independiente a enero 2025.\n\t\t\t\t<\/p>\n<div class=\"text-center\">\n\t\t\t\t\t<button class=\"invest-btn btn-lg\" href=\"#formulario\"><br \/>\n\t\t\t\t\t\tQUIERO INVERTIR<br \/>\n\t\t\t\t\t<\/button>\n\t\t\t\t<\/div>\n<\/p><\/div>\n<\/p><\/div>\n<\/p><\/div>\n<\/section>\n<section class=\"p-0 m-0 pt-5 pb-5\">\n<\/section>\n<section class=\"wp-image-2799 p-0\" background=\"#\">\n<div class=\"container bg-left-cn pt-5 pr-5 pb-5 pl-5\">\n<div class=\"row\">\n<div class=\"col col-sm-12 col-12 col-md-12\">\n<div class=\"lune-block  pb-5 px-5\">\n<h2 class=\"text-end title-form-cn px-5\" editable=\"inline\">Nuestros<br \/>proyectos<\/h2>\n<\/p><\/div>\n<\/p><\/div>\n<\/p><\/div>\n<div class=\"row\">\n<div class=\"col-lg-4 text-end text-light align-self-center\">\n<h3 editable=\"inline\">Casa Nua San Lucas:<\/h3>\n<p class=\"text-white fs-2 lh-1\" editable=\"inline\">Operando desde 2019<br \/>(Medell\u00edn)<\/p>\n<p><\/p>\n<h3 editable=\"inline\">Casa Nua Country:<\/h3>\n<p class=\"text-white fs-2 lh-1\">En Construcci\u00f3n<br \/>\n\t\t\t\t\tApertura Q1 2026<br \/>\n\t\t\t\t\t<br \/>(Medell\u00edn)\n\t\t\t\t<\/p>\n<p><\/p>\n<h3 editable=\"inline\">Casa Nua Ch\u00eda<\/h3>\n<p class=\"text-white fs-2 lh-1\">Apertura Q1 2026 <\/p>\n<\/p>\n<p class=\"text-white fs-2 lh-1\">(Ch\u00eda)<\/p>\n<\/p><\/div>\n<div class=\"col-lg-8 text-end\"><img loading=\"lazy\" decoding=\"async\" src=\"https:\/\/www.grupoattia.com\/wp-content\/uploads\/2025\/05\/edificio-casa-nua.png\" class=\"wp-image-2890\" style=\"max-width: 80%\" width=\"1200\" height=\"963\" srcset=\"https:\/\/www.grupoattia.com\/wp-content\/uploads\/2025\/05\/edificio-casa-nua.png 1200w, https:\/\/www.grupoattia.com\/wp-content\/uploads\/2025\/05\/edificio-casa-nua-300x241.png 300w, https:\/\/www.grupoattia.com\/wp-content\/uploads\/2025\/05\/edificio-casa-nua-1024x822.png 1024w, https:\/\/www.grupoattia.com\/wp-content\/uploads\/2025\/05\/edificio-casa-nua-768x616.png 768w, https:\/\/www.grupoattia.com\/wp-content\/uploads\/2025\/05\/edificio-casa-nua-15x12.png 15w\" sizes=\"auto, (max-width: 1200px) 100vw, 1200px\"><\/div>\n<\/p><\/div>\n<div class=\"row mb-5\">\n<div class=\"col-lg-12 text-start text-light pt-5 pb-5 pr-5 pl-5\" style=\"padding: 40px\">\n<h2 class=\"text-start title-form-cn\" editable=\"inline\">\u00bfQUI\u00c9NES SOMOS?<\/h2>\n<p class=\"text-white fs-3\">\n\t\t\t\t\tCasa Nua es una plataforma de<br \/>\n\t\t\t\t\tvivienda asistida para adultos mayores en Colombia y pr\u00f3ximamente en<br \/>\n\t\t\t\t\tLatinoam\u00e9rica.\n\t\t\t\t<\/p>\n<p class=\"text-white fs-3\">\n\t\t\t\t\tCasa Nua Ch\u00eda es el tercer proyecto de la empresa, ubicado estrat\u00e9gicamente<br \/>\n\t\t\t\t\ten la via Ch\u00eda \/ Cajica, cerca de la Clinica Marly y el Centro Comercial Fontanar.\n\t\t\t\t<\/p>\n<p class=\"text-white fs-3\">\n\t\t\t\t\tActualmente, estamos ofreciendo oportunidades de inversi\u00f3n en el<br \/>\n\t\t\t\t\tproyecto basado en un modelo de negocio s\u00f3lido y con resultados<br \/>\n\t\t\t\t\thist\u00f3ricos exitosos.\n\t\t\t\t<\/p>\n<\/p><\/div>\n<\/p><\/div>\n<div class=\"text-center\" style=\"margin-bottom: -100px; z-index: 40000; position: relative\">\n\t\t\t<a class=\"btn-blue-landing border-none floating mx-5 text-uppercase\" href=\"#formulario\">Quiero invertir<\/a>\n\t\t<\/div>\n<\/p><\/div>\n<\/section>\n<section class=\"pt-1 wp-image-2799 p-0\" background=\"#\">\n<div class=\"container\">\n<div class=\"row\">\n<div class=\"col-lg-4 mb-4\">\n\t\t\t\t<img decoding=\"async\" src=\"\/wp-content\/uploads\/2025\/05\/alianza-fiduciaria-03.svg\" alt=\"Logo Alianza\" class=\"wp-image-2894\" width=\"300\" style=\"margin-left: -50px\">\n\t\t\t<\/div>\n<\/p><\/div>\n<div class=\"col-12\">\n<p><em>\u201cEncargo Fiduciario en la etapa de preventas para la recepci\u00f3n y administraci\u00f3n por parte de la Fiduciaria de dineros del adquirente hasta el cumplimiento de las condiciones de entrega de recursos.\u201d<\/em><\/p>\n<p><em>\u201cEl Fideicomiso Casa Nua Ch\u00eda es un Patrimonio aut\u00f3nomo de administraci\u00f3n inmobiliaria, a trav\u00e9s de la cual se reciben y administran de los recursos entregados por los adquirentes hasta el cumplimiento de las condiciones de giro, momento a partir del cual, dichos recursos son puestos a disposici\u00f3n del Fideicomitente Gerente.\u201d<\/em><\/p>\n<p><em>\u201cLas obligaciones de la Fiduciaria son de medio y no de resultado.\u201d<\/em><\/p>\n<p><em>\u201cTodas las proyecciones financieras son estimaciones con base en supuestos y experiencia del operador, en este tipo de proyectos, y pueden variar significativamente. La participaci\u00f3n fiduciaria no garantiza rentabilidad, est\u00e1 sujeta a eventuales p\u00e9rdidas, no da lugar al reconocimiento y pago de rentas vitalicias y no se trata de un producto equivalente a una pensi\u00f3n de jubilaci\u00f3n.\u201d<\/em><\/p>\n<\/p><\/div>\n<\/p><\/div>\n<\/section>\n<section class=\"pt-1 wp-image-2799 p-0\" style=\"background:url(\/wp-content\/uploads\/2025\/02\/bg-blur-1-05.jpg)  left \/ contain no-repeat;\" background=\"\/wp-content\/uploads\/2025\/02\/bg-blur-1-05.jpg\">\n<div class=\"container\">\n\t\t<a href=\"https:\/\/www.keypano.com\/v\/97_53q6t7f7pe6-1733777942.html\" class=\"popup-link\" aria-label=\"Video Mensaje para ti\" lune-helper=\"link\"><br \/>\n\t\t\t<span class=\"thumb-info-action-icon thumb-info-action-icon-transparent play-btn-youtube\"><br \/>\n\t\t\t\t<img loading=\"lazy\" decoding=\"async\" src=\"\/wp-content\/uploads\/2025\/02\/bg-attia-cn-chia.webp\" width=\"1397\" height=\"1162\" srcset=\"\/wp-content\/uploads\/2025\/02\/bg-attia-cn-chia.webp 1397w, \/wp-content\/uploads\/2025\/02\/bg-attia-cn-chia-300x250.webp 300w, \/wp-content\/uploads\/2025\/02\/bg-attia-cn-chia-1024x852.webp 1024w, \/wp-content\/uploads\/2025\/02\/bg-attia-cn-chia-768x639.webp 768w, \/wp-content\/uploads\/2025\/02\/bg-attia-cn-chia-14x12.webp 14w\" sizes=\"auto, (max-width: 1397px) 100vw, 1397px\" class=\"img-fluid\"><br \/>\n\t\t\t<\/span><br \/>\n\t\t<\/a><\/p>\n<p>\t\t<script >\ndocument.addEventListener(\"DOMContentLoaded\", function() {\n    document.querySelector(\".popup-link\").addEventListener(\"click\", function(event) {\n        event.preventDefault(); \/\/ Evita que el enlace se abra de forma normal\n        window.open(this.href, \"popupWindow\", \"width=800,height=600,scrollbars=yes\");\n    });\n});\n<\/script>\n\t<\/div>\n<\/section>\n<section class=\"p-0\">\n<div class=\"container\"><\/div>\n<\/section>\n<section class=\"p-0\">\n<div class=\"container\">\n<div class=\"row\">\n\t\t\t<!-- Left Column --><\/p>\n<div class=\"col-md-12 pt-5 pb-5\">\n<h2 class=\"mb-2 font-bebas title-inversion\" editable=\"inline\">INVERSI\u00d3N EN DERECHOS FIDUCIARIOS<\/h2>\n<p class=\"fs-2 lh-1\" editable=\"inline\">Un derecho fiduciario es un instrumento de inversi\u00f3n<\/p>\n<p>\t\t\t\t\tque permite invertir en proyectos inmobiliarios sin<br \/>\n\t\t\t\t\tnecesidad de adquirir una matricula inmobiliaria<br \/>\n\t\t\t\t\tcontando con solidez legal, valor comercial, heredable,<br \/>\n\t\t\t\t\tse valoriza y se puede vender una vez el proyecto<br \/>\n\t\t\t\t\test\u00e9 operando.<\/p>\n<h2 class=\"mb-2 font-bebas title-inversion\" editable=\"inline\">beneficios<\/h2>\n<ul class=\"list-unstyled\" editable=\"rich\">\n<li class=\"fs-2 mb-3 lune-block\" editable=\"inline\">* El predial est\u00e1 incluido dentro de la rentabilidad final de la operaci\u00f3n.<\/li>\n<li class=\"fs-2 mb-3 lune-block\" editable=\"inline\">* Todos los gastos de la administraci\u00f3n est\u00e1n incluidos dentro de la operaci\u00f3n del proyecto.<\/li>\n<li class=\"fs-2 mb-3 lune-block\" editable=\"inline\">* Inversi\u00f3n pasiva.<\/li>\n<li class=\"fs-2 mb-3 lune-block\" editable=\"inline\">* Participaci\u00f3n en la asamblea de fideicomitentes.<\/li>\n<\/ul>\n<p>\t\t\t\t<a class=\"btn-blue-landing border-none\" href=\"#formulario\">Quiero invertir<\/a>\n\t\t\t<\/div>\n<p>\t\t\t<!-- Right Column --><\/p>\n<div class=\"col-md-12 mb-5\">\n<div class=\"position-relative\">\n<div class=\"d-flex flex-row align-items-end\">\n\t\t\t\t\t\t<img loading=\"lazy\" decoding=\"async\" src=\"\/wp-content\/uploads\/2025\/02\/coemrcial-cn.jpg\" class=\"img-fluid img-asesora\" width=\"350\" height=\"899\" srcset=\"\/wp-content\/uploads\/2025\/02\/coemrcial-cn.jpg 350w, \/wp-content\/uploads\/2025\/02\/coemrcial-cn-117x300.jpg 117w, \/wp-content\/uploads\/2025\/02\/coemrcial-cn-5x12.jpg 5w\" sizes=\"auto, (max-width: 350px) 100vw, 350px\"><\/p>\n<div class=\"d-flex flex-column justify-content-center contact-info\" style=\"min-height: 200px\">\n<div class=\"d-flex justify-content-between\">\n<h2 class=\"font-bebas title-inversion\">CONT\u00c1CTANOS<\/h2>\n<\/p><\/div>\n<p class=\"lh-1 text-contact\" style=\"\">Maria Jos\u00e9 Cajiao<\/p>\n<p class=\"lh-1 text-contact\" style=\"\">+57 (305) 230 3780<\/p>\n<p class=\"mb-lg-5 pb-lg-5 text-contact\" style=\"\">ventas@casanua.co<\/p>\n<p>\t\t\t\t\t\t\t<a class=\"btn-blue-landing\">Chatea con nosotros<\/a>\n\t\t\t\t\t\t<\/div>\n<\/p><\/div>\n<\/p><\/div>\n<div class=\"text-center\">\n\t\t\t\t\t<img loading=\"lazy\" decoding=\"async\" src=\"\/wp-content\/uploads\/2025\/02\/landing-page-casa-chia-14.png\" width=\"383\" height=\"110\" srcset=\"\/wp-content\/uploads\/2025\/02\/landing-page-casa-chia-14.png 383w, \/wp-content\/uploads\/2025\/02\/landing-page-casa-chia-14-300x86.png 300w, \/wp-content\/uploads\/2025\/02\/landing-page-casa-chia-14-18x5.png 18w\" sizes=\"auto, (max-width: 383px) 100vw, 383px\" class=\"mt-5 w-20\" style=\"height: auto\">\n\t\t\t\t<\/div>\n<\/p><\/div>\n<\/p><\/div>\n<\/p><\/div>\n<\/section>\n<p><!-- Modal --><\/p>\n<div class=\"modal fade\" id=\"modal360\" tabindex=\"-1\" aria-hidden=\"true\">\n<div class=\"modal-dialog modal-fullscreen\">\n<div class=\"modal-content\">\n<div class=\"modal-header\">\n<h5 class=\"modal-title\">Vista 360\u00b0<\/h5>\n<p>\t\t\t\t<button type=\"button\" class=\"btn-close\" data-bs-dismiss=\"modal\" aria-label=\"Close\"><\/button>\n\t\t\t<\/div>\n<div class=\"modal-body p-0\">\n\t\t\t\t<iframe id=\"iframe360\" src=\"\" frameborder=\"0\" style=\"width:100%; height:100vh;\"><\/iframe>\n\t\t\t<\/div>\n<\/p><\/div>\n<\/p><\/div>\n<\/div>\n<p><script >\n  document.addEventListener(\"DOMContentLoaded\", function () {\n    const modal360 = new bootstrap.Modal(document.getElementById(\"modal360\"));\n    const iframe360 = document.getElementById(\"iframe360\");<\/p>\n<p>    document.querySelectorAll(\".view360\").forEach(button => {\n      button.addEventListener(\"click\", function () {\n        iframe360.src = \"https:\/\/www.keypano.com\/v\/97_53q6t7f7pe6-1733777942.html\";\n        modal360.show();\n      });\n    });<\/p>\n<p>    \/\/ Limpia el iframe al cerrar el modal\n    document.getElementById(\"modal360\").addEventListener(\"hidden.bs.modal\", function () {\n      iframe360.src = \"\";\n    });\n  });\n<\/script><\/p>","protected":false},"excerpt":{"rendered":"<p>Casa Nua Chia More Info SI EST\u00c1 INTERESADO EN CASA NUA CH\u00cdA, POR FAVOR D\u00c9JENOS SUS DATOS. Muy pronto nos comunicaremos con usted. Cifras hist\u00f3ricas de Casa Nua San Lucas (Medell\u00edn) 13.11% E.A* Valorizaci\u00f3n acumulada 78%** *Cifras hist\u00f3ricas de Casa Nua San Lucas (Medell\u00edn), que no deben interpretarse como las rentabilidades de futuros proyectos. ** [&hellip;]<\/p>","protected":false},"author":1,"featured_media":0,"parent":0,"menu_order":0,"comment_status":"closed","ping_status":"closed","template":"","meta":{"content-type":"","footnotes":""},"class_list":["post-2762","page","type-page","status-publish","hentry"],"_links":{"self":[{"href":"https:\/\/www.grupoattia.com\/es\/wp-json\/wp\/v2\/pages\/2762","targetHints":{"allow":["GET"]}}],"collection":[{"href":"https:\/\/www.grupoattia.com\/es\/wp-json\/wp\/v2\/pages"}],"about":[{"href":"https:\/\/www.grupoattia.com\/es\/wp-json\/wp\/v2\/types\/page"}],"author":[{"embeddable":true,"href":"https:\/\/www.grupoattia.com\/es\/wp-json\/wp\/v2\/users\/1"}],"replies":[{"embeddable":true,"href":"https:\/\/www.grupoattia.com\/es\/wp-json\/wp\/v2\/comments?post=2762"}],"version-history":[{"count":112,"href":"https:\/\/www.grupoattia.com\/es\/wp-json\/wp\/v2\/pages\/2762\/revisions"}],"predecessor-version":[{"id":3195,"href":"https:\/\/www.grupoattia.com\/es\/wp-json\/wp\/v2\/pages\/2762\/revisions\/3195"}],"wp:attachment":[{"href":"https:\/\/www.grupoattia.com\/es\/wp-json\/wp\/v2\/media?parent=2762"}],"curies":[{"name":"wp","href":"https:\/\/api.w.org\/{rel}","templated":true}]}}