{"id":7,"date":"2023-12-03T19:42:33","date_gmt":"2023-12-03T19:42:33","guid":{"rendered":"https:\/\/www.grupoattia.com\/?page_id=7"},"modified":"2025-10-17T12:39:29","modified_gmt":"2025-10-17T17:39:29","slug":"lune-7","status":"publish","type":"page","link":"https:\/\/www.grupoattia.com\/es\/","title":{"rendered":"Inicio"},"content":{"rendered":"<section class=\"theme_slider bg-black\">\n<div class=\"container p-0\">\n<div lune-helper=\"posts-loop\" class=\"lune-shortcode\"><div class=\"container\"><div class=\"swiper swiper_theme_slider\"><div class=\"swiper-wrapper\"><div class=\"swiper-slide\" ><div class=\"slider\" style=\"background-image: url(https:\/\/www.grupoattia.com\/wp-content\/uploads\/2024\/01\/clic-clack-banner.jpg)\" ><div class=\"slide_content\" ><div class=\"slide_content_wrapper mb-0 h-auto bg-dark-100\" ><div class=\"slide_content_inner\" ><div class=\"meta m-0\" ><div class=\"category text-olive text-uppercase\" >Attia Capital<\/div><\/div><h4 ><a href=\"https:\/\/attiacapital.portal.agorareal.com\/#\/invest-with-us\" class=\"text-white\" > Somos una empresa de inversi\u00f3n y desarrollo inmobiliario <\/a><\/h4><div class=\"details_link\" ><a href=\"https:\/\/attiacapital.portal.agorareal.com\/#\/invest-with-us \" class=\"\" style=\"background-color: #000; padding:10px 20px; color:#fff; border: 1px solid #000\" target=\"_blank\" rel=\"noopener\"><span class=\"link_text\" >Invierte con nosotros<\/span><span class=\"link_icon\" ><span class=\"line\" ><\/span><span class=\"circle\" ><\/span><span class=\"dot\" ><\/span><\/span><\/a><\/div><\/div><\/div><\/div><\/div><\/div><div class=\"swiper-slide\" ><div class=\"slider\" style=\"background-image: url(https:\/\/www.grupoattia.com\/wp-content\/uploads\/2024\/02\/fachada-country.jpg)\" ><div class=\"slide_content\" ><div class=\"slide_content_wrapper mb-0 h-auto bg-dark-100\" ><div class=\"slide_content_inner\" ><div class=\"meta m-0\" ><div class=\"category text-olive text-uppercase\" >Casa Nua - Country<\/div><\/div><h4 ><a href=\"https:\/\/www.grupoattia.com\/es\/portfolio\/casa-nua-country\/\" class=\"text-white\" > Casa Nua Country es un proyecto de Vivienda para Personas Mayores con un modelo de inversi\u00f3n asociativo al costo a trav\u00e9s de un fideicomiso.  <\/a><\/h4><div class=\"details_link\" ><a href=\"https:\/\/www.grupoattia.com\/es\/portfolio\/casa-nua-country\/\" ><span class=\"link_text\" >Invierte Con Nosotros<\/span><span class=\"link_icon\" ><span class=\"line\" ><\/span><span class=\"circle\" ><\/span><span class=\"dot\" ><\/span><\/span><\/a><\/div><\/div><\/div><\/div><\/div><\/div><div class=\"swiper-slide\" ><div class=\"slider\" style=\"background-image: url(https:\/\/www.grupoattia.com\/wp-content\/uploads\/2024\/01\/meraki-render.jpeg)\" ><div class=\"slide_content\" ><div class=\"slide_content_wrapper mb-0 h-auto bg-dark-100\" ><div class=\"slide_content_inner\" ><div class=\"meta m-0\" ><div class=\"category text-olive text-uppercase\" >Meraki Club<\/div><\/div><h4 ><a href=\"https:\/\/www.grupoattia.com\/es\/portfolio\/meraki\/\" class=\"text-white\" > Meraki es un proyecto residencial que ofrece un estilo de vida moderno y elegante. <\/a><\/h4><div class=\"details_link\" ><a href=\"https:\/\/www.grupoattia.com\/es\/portfolio\/meraki\/\" ><span class=\"link_text\" >Invierte Con Nosotros<\/span><span class=\"link_icon\" ><span class=\"line\" ><\/span><span class=\"circle\" ><\/span><span class=\"dot\" ><\/span><\/span><\/a><\/div><\/div><\/div><\/div><\/div><\/div> <\/div> <div class=\"swiper-pagination\"><\/div> <div class=\"swiper-navigation\"> <div class=\"swiper-button-prev\"><i class=\"bi bi-arrow-left\"><\/i><\/div> <div class=\"swiper-button-next\"><i class=\"bi bi-arrow-right\"><\/i><\/div> <\/div> <\/div> <\/div><\/div>\n<\/p><\/div>\n<\/section>\n<section class=\"about pt-5 bg-dark-100\">\n<div class=\"container-fluid\">\n<div class=\"row align-items-center\">\n<div class=\"col-md-7 col-lg-4\">\n<div class=\"about_text_inner\">\n<div class=\"about_text\">\n<h2 class=\"text-white\" editable=\"inline\">Portafolio<\/h2>\n<p class=\"text-white\" editable=\"inline\">Attia busca crear valor a largo plazo a trav\u00e9s de sus activos inmobiliarios y oportunidades de inversi\u00f3n \u00fanicas. Proporcionamos a nuestros inversores acceso a los mercados inmobiliarios de Estados Unidos y Am\u00e9rica Latina, centr\u00e1ndonos en proyectos que generan rendimientos superiores al mercado mientras minimizamos los riesgos a la baja.&nbsp;&nbsp;<\/p>\n<\/p>\n<\/p>\n<\/p><\/div>\n<div class=\"btn_group\" data-aos=\"fade-down\" data-aos-duration=\"1000\">\n\t\t\t\t\t\t<a href=\"\/es\/portfolio\/\" class=\"btn gray mb-3\">Ver Portafolio<\/a>\n\t\t\t\t\t<\/div>\n<\/p><\/div>\n<\/p><\/div>\n<div class=\"col-md-5 col-lg-8\">\n<div class=\"about_imag\">\n\t\t\t\t\t<img loading=\"lazy\" decoding=\"async\" src=\"https:\/\/www.grupoattia.com\/wp-content\/uploads\/2023\/12\/portada-casa-nua-counntnry.jpg\" width=\"1920\" height=\"1080\" srcset=\"https:\/\/www.grupoattia.com\/wp-content\/uploads\/2023\/12\/portada-casa-nua-counntnry.jpg 1920w, https:\/\/www.grupoattia.com\/wp-content\/uploads\/2023\/12\/portada-casa-nua-counntnry-300x169.jpg 300w, https:\/\/www.grupoattia.com\/wp-content\/uploads\/2023\/12\/portada-casa-nua-counntnry-1024x576.jpg 1024w, https:\/\/www.grupoattia.com\/wp-content\/uploads\/2023\/12\/portada-casa-nua-counntnry-768x432.jpg 768w, https:\/\/www.grupoattia.com\/wp-content\/uploads\/2023\/12\/portada-casa-nua-counntnry-1536x864.jpg 1536w, https:\/\/www.grupoattia.com\/wp-content\/uploads\/2023\/12\/portada-casa-nua-counntnry-18x10.jpg 18w\" sizes=\"auto, (max-width: 1920px) 100vw, 1920px\" class=\"img-fluid wp-image-2185\" style=\"width: 100%\" alt=\"porta country\">\n\t\t\t\t<\/div>\n<\/p><\/div>\n<\/p><\/div>\n<\/p><\/div>\n<\/section>\n<section class=\"running_projects\">\n<div lune-helper=\"posts-loop\" class=\"lune-shortcode\"><div class=\"theme_slider_3 p-0\"><div class=\"swiper swiper_theme_slider_3\"><div class=\"swiper-wrapper\"><div class=\"swiper-slide\"><div class=\"slider\" style=\"background-image: url(https:\/\/www.grupoattia.com\/wp-content\/uploads\/2025\/05\/CISNEROS-cam-02-final.jpg)\"><div class=\"container\"><div class=\"slide_content\"><div class=\"slide_content_wrapper mb-0 h-auto\"><div class=\"slide_content_inner home-info-slider\" ><h4><a href=\" https:\/\/www.grupoattia.com\/es\/portfolio\/cisneros-bellavista\/ \" class=\"text-uppercase\" style=\"color: #fff\">Cisneros Bellavista<\/a><\/h4><div class=\"details_link\"><a href=\" https:\/\/www.grupoattia.com\/es\/portfolio\/cisneros-bellavista\/ \" style=\"color: #fff\"><span class=\"link_text\">Para mayor Informaci\u00f3n <\/span><span class=\"link_icon\" style=\"color: #fff\">Clic Aqu\u00ed<\/span><\/a><\/div><\/div><\/div><\/div><\/div><\/div><\/div><div class=\"swiper-slide\"><div class=\"slider\" style=\"background-image: url(https:\/\/www.grupoattia.com\/wp-content\/uploads\/2025\/08\/1-1.webp)\"><div class=\"container\"><div class=\"slide_content\"><div class=\"slide_content_wrapper mb-0 h-auto\"><div class=\"slide_content_inner home-info-slider\" ><h4><a href=\" https:\/\/www.grupoattia.com\/es\/portfolio\/canopy\/ \" class=\"text-uppercase\" style=\"color: #fff\">Canopy<\/a><\/h4><div class=\"details_link\"><a href=\" https:\/\/www.grupoattia.com\/es\/portfolio\/canopy\/ \" style=\"color: #fff\"><span class=\"link_text\">Para mayor Informaci\u00f3n <\/span><span class=\"link_icon\" style=\"color: #fff\">Clic Aqu\u00ed<\/span><\/a><\/div><\/div><\/div><\/div><\/div><\/div><\/div><div class=\"swiper-slide\"><div class=\"slider\" style=\"background-image: url(https:\/\/www.grupoattia.com\/wp-content\/uploads\/2024\/02\/fachada-country-2.jpg)\"><div class=\"container\"><div class=\"slide_content\"><div class=\"slide_content_wrapper mb-0 h-auto\"><div class=\"slide_content_inner home-info-slider\" ><h4><a href=\" https:\/\/www.grupoattia.com\/es\/portfolio\/casa-nua-country\/ \" class=\"text-uppercase\" style=\"color: #fff\">Casa Nua Country<\/a><\/h4><div class=\"details_link\"><a href=\" https:\/\/www.grupoattia.com\/es\/portfolio\/casa-nua-country\/ \" style=\"color: #fff\"><span class=\"link_text\">Para mayor Informaci\u00f3n <\/span><span class=\"link_icon\" style=\"color: #fff\">Clic Aqu\u00ed<\/span><\/a><\/div><\/div><\/div><\/div><\/div><\/div><\/div><div class=\"swiper-slide\"><div class=\"slider\" style=\"background-image: url(https:\/\/www.grupoattia.com\/wp-content\/uploads\/2025\/08\/magnolia-1.webp)\"><div class=\"container\"><div class=\"slide_content\"><div class=\"slide_content_wrapper mb-0 h-auto\"><div class=\"slide_content_inner home-info-slider\" ><h4><a href=\" https:\/\/www.grupoattia.com\/es\/portfolio\/magnolia\/ \" class=\"text-uppercase\" style=\"color: #fff\">Magnolia<\/a><\/h4><div class=\"details_link\"><a href=\" https:\/\/www.grupoattia.com\/es\/portfolio\/magnolia\/ \" style=\"color: #fff\"><span class=\"link_text\">Para mayor Informaci\u00f3n <\/span><span class=\"link_icon\" style=\"color: #fff\">Clic Aqu\u00ed<\/span><\/a><\/div><\/div><\/div><\/div><\/div><\/div><\/div><div class=\"swiper-slide\"><div class=\"slider\" style=\"background-image: url(https:\/\/www.grupoattia.com\/wp-content\/uploads\/2023\/12\/DETALLEBORDE_1.jpg)\"><div class=\"container\"><div class=\"slide_content\"><div class=\"slide_content_wrapper mb-0 h-auto\"><div class=\"slide_content_inner home-info-slider\" ><h4><a href=\" https:\/\/www.grupoattia.com\/es\/portfolio\/click-clack-wellnest\/ \" class=\"text-uppercase\" style=\"color: #fff\">Click Clack Wellnest<\/a><\/h4><div class=\"details_link\"><a href=\" https:\/\/www.grupoattia.com\/es\/portfolio\/click-clack-wellnest\/ \" style=\"color: #fff\"><span class=\"link_text\">Para mayor Informaci\u00f3n <\/span><span class=\"link_icon\" style=\"color: #fff\">Clic Aqu\u00ed<\/span><\/a><\/div><\/div><\/div><\/div><\/div><\/div><\/div><div class=\"swiper-slide\"><div class=\"slider\" style=\"background-image: url(https:\/\/www.grupoattia.com\/wp-content\/uploads\/2025\/05\/1559-Lobby_Kra57-v007.jpg)\"><div class=\"container\"><div class=\"slide_content\"><div class=\"slide_content_wrapper mb-0 h-auto\"><div class=\"slide_content_inner home-info-slider\" ><h4><a href=\" https:\/\/www.grupoattia.com\/es\/portfolio\/gale-alto-prado\/ \" class=\"text-uppercase\" style=\"color: #fff\">Gal\u00e9 Alto Prado<\/a><\/h4><div class=\"details_link\"><a href=\" https:\/\/www.grupoattia.com\/es\/portfolio\/gale-alto-prado\/ \" style=\"color: #fff\"><span class=\"link_text\">Para mayor Informaci\u00f3n <\/span><span class=\"link_icon\" style=\"color: #fff\">Clic Aqu\u00ed<\/span><\/a><\/div><\/div><\/div><\/div><\/div><\/div><\/div> <\/div><div class=\"swiper-button-prev details_link l-dir pagination-previous\" ><a href=\"#\"><span class=\"link_icon\" ><span class=\"line\" ><\/span> <span class=\"circle\"><\/span><span class=\"dot\"><\/span><\/span><\/a><\/div>\n\t<div class=\"swiper-button-next details_link r-dir pagination-next\"><a href=\"#\" ><span class=\"link_icon\" ><span class=\"line\" ><\/span> <span class=\"circle\"><\/span><span class=\"dot\"><\/span><\/span><\/a><\/div> <\/div> <\/div><\/div>\n<\/section>\n<section class=\"about bg-dark-100 mt-1 pt-1\">\n<div class=\"container-fluid\">\n<div class=\"row align-items-center\">\n<div class=\"col-md-7 col-lg-4\">\n<div class=\"about_text_inner\">\n<div class=\"about_text\">\n<h2 class=\"text-white h-4\" editable=\"inline\">Inversi\u00f3n<\/h2>\n<p class=\"text-white\" editable=\"inline\">Con una trayectoria comprobada en inversiones inmobiliarias, Attia atiende a una variedad de inversionistas que incluyen oficinas familiares, individuos de alto patrimonio neto y fondos institucionales.&nbsp;<\/p>\n<\/p>\n<\/p>\n<\/p>\n<\/p>\n<\/p>\n<\/p><\/div>\n<div class=\"btn_group\" data-aos=\"fade-down\" data-aos-duration=\"1000\">\n\t\t\t\t\t\t<a href=\"\/es\/investment-strategies\/\" class=\"btn gray mb-2\">More info about our investments strategies<\/a>\n\t\t\t\t\t<\/div>\n<\/p><\/div>\n<\/p><\/div>\n<div class=\"col-md-5 col-lg-8\">\n<div class=\"about_imag\">\n\t\t\t\t\t<img loading=\"lazy\" decoding=\"async\" src=\"https:\/\/www.grupoattia.com\/wp-content\/uploads\/2024\/02\/imagen-portfolio-attia.jpg\" width=\"1562\" height=\"689\" class=\"wp-image-2192\" style=\"width: 100%\" srcset=\"https:\/\/www.grupoattia.com\/wp-content\/uploads\/2024\/02\/imagen-portfolio-attia.jpg 1562w, https:\/\/www.grupoattia.com\/wp-content\/uploads\/2024\/02\/imagen-portfolio-attia-300x132.jpg 300w, https:\/\/www.grupoattia.com\/wp-content\/uploads\/2024\/02\/imagen-portfolio-attia-1024x452.jpg 1024w, https:\/\/www.grupoattia.com\/wp-content\/uploads\/2024\/02\/imagen-portfolio-attia-768x339.jpg 768w, https:\/\/www.grupoattia.com\/wp-content\/uploads\/2024\/02\/imagen-portfolio-attia-1536x678.jpg 1536w, https:\/\/www.grupoattia.com\/wp-content\/uploads\/2024\/02\/imagen-portfolio-attia-18x8.jpg 18w\" sizes=\"auto, (max-width: 1562px) 100vw, 1562px\" alt=\"investment portfolio\">\n\t\t\t\t<\/div>\n<\/p><\/div>\n<\/p><\/div>\n<\/p><\/div>\n<\/section>\n<section class=\"blog pt-lg bg-black pt-5 pb-1\">\n<div class=\"container\">\n<div class=\"section-header text-center has_line mb-5\">\n<h2 class=\"text-white\" editable=\"inline\">Noticias<\/p>\n<\/p>\n<\/h2><\/div>\n<div class=\"row mb-5\">\n<div lune-helper=\"posts-loop\" class=\"lune-shortcode\"><div class=\"row blog-wrap\"><div class=\"col-lg-4 col-md-6\" ><div class=\"blog_pos\" ><a href=\"https:\/\/www.grupoattia.com\/es\/gale-alto-prado-launch\/\" class=\"post-count mb-5\" ><img decoding=\"async\" src=\"https:\/\/www.grupoattia.com\/wp-content\/uploads\/2025\/05\/MG_6564.jpg\" alt=\"imgGal\u00e9 Alto Prado Launch \" style=\"width: 100%; height:100%;object-fit: cover; aspect-ratio: 16\/9\"> <div class=\"blog_content\" ><h2 class=\"mt-4 mb-0 pb-0\">Lanzamiento Gal\u00e9 Alto Prado <\/h2><div class=\"details_link\" ><span class=\"link_text\" >Invierte Con Nosotros<\/span> <span class=\"link_icon\"><span class=\"line\"><\/span> <span class=\"circle\" ><span class=\"dot\"><\/span><\/span><\/span><\/div><\/div><\/a><\/div><\/div><div class=\"col-lg-4 col-md-6\" ><div class=\"blog_pos\" ><a href=\"https:\/\/www.grupoattia.com\/es\/casa-nua-country-is-progressing-beautifully\/\" class=\"post-count mb-5\" ><img decoding=\"async\" src=\"https:\/\/www.grupoattia.com\/wp-content\/uploads\/2024\/02\/fachada-country-2.jpg\" alt=\"imgCasa Nua Country is progressing beautifully \" style=\"width: 100%; height:100%;object-fit: cover; aspect-ratio: 16\/9\"> <div class=\"blog_content\" ><h2 class=\"mt-4 mb-0 pb-0\">Casa Nua Country is progressing beautifully <\/h2><div class=\"details_link\" ><span class=\"link_text\" >Invierte Con Nosotros<\/span> <span class=\"link_icon\"><span class=\"line\"><\/span> <span class=\"circle\" ><span class=\"dot\"><\/span><\/span><\/span><\/div><\/div><\/a><\/div><\/div><div class=\"col-lg-4 col-md-6\" ><div class=\"blog_pos\" ><a href=\"https:\/\/www.grupoattia.com\/es\/click-clack-hotel-construction-progress-innovation-taking-shape\/\" class=\"post-count mb-5\" ><img decoding=\"async\" src=\"https:\/\/www.grupoattia.com\/wp-content\/uploads\/2022\/08\/Click-Clack1.jpg\" alt=\"imgClick Clack Hotel Construction Progress: Innovation Taking Shape \" style=\"width: 100%; height:100%;object-fit: cover; aspect-ratio: 16\/9\"> <div class=\"blog_content\" ><h2 class=\"mt-4 mb-0 pb-0\">Click Clack Hotel Construction Progress: Innovation Taking Shape <\/h2><div class=\"details_link\" ><span class=\"link_text\" >Invierte Con Nosotros<\/span> <span class=\"link_icon\"><span class=\"line\"><\/span> <span class=\"circle\" ><span class=\"dot\"><\/span><\/span><\/span><\/div><\/div><\/a><\/div><\/div><\/div><\/div>\n<\/p><\/div>\n<\/p><\/div>\n<\/section>","protected":false},"excerpt":{"rendered":"<p>Portfolio Attia seeks to create long term value through its real estate assets and unique investment opportunities. We provide our investors access to the U.S and LATAM real estate markets, focusing on projects that generate above market returns while minimizing downside risks.&nbsp;&nbsp; View Portfolio Investment Strategies With a proven track record in real estate investments, [&hellip;]<\/p>","protected":false},"author":1,"featured_media":0,"parent":0,"menu_order":19,"comment_status":"closed","ping_status":"closed","template":"","meta":{"content-type":"","footnotes":""},"class_list":["post-7","page","type-page","status-publish","hentry"],"_links":{"self":[{"href":"https:\/\/www.grupoattia.com\/es\/wp-json\/wp\/v2\/pages\/7","targetHints":{"allow":["GET"]}}],"collection":[{"href":"https:\/\/www.grupoattia.com\/es\/wp-json\/wp\/v2\/pages"}],"about":[{"href":"https:\/\/www.grupoattia.com\/es\/wp-json\/wp\/v2\/types\/page"}],"author":[{"embeddable":true,"href":"https:\/\/www.grupoattia.com\/es\/wp-json\/wp\/v2\/users\/1"}],"replies":[{"embeddable":true,"href":"https:\/\/www.grupoattia.com\/es\/wp-json\/wp\/v2\/comments?post=7"}],"version-history":[{"count":93,"href":"https:\/\/www.grupoattia.com\/es\/wp-json\/wp\/v2\/pages\/7\/revisions"}],"predecessor-version":[{"id":3648,"href":"https:\/\/www.grupoattia.com\/es\/wp-json\/wp\/v2\/pages\/7\/revisions\/3648"}],"wp:attachment":[{"href":"https:\/\/www.grupoattia.com\/es\/wp-json\/wp\/v2\/media?parent=7"}],"curies":[{"name":"wp","href":"https:\/\/api.w.org\/{rel}","templated":true}]}}